{"id":15771,"date":"2022-06-09T17:18:15","date_gmt":"2022-06-09T15:18:15","guid":{"rendered":"http:\/\/www.balancepraxis-andreabraun.de\/praxis\/pages\/muskeltest-3\/"},"modified":"2023-11-03T17:48:47","modified_gmt":"2023-11-03T16:48:47","slug":"ablauf_einer_balance","status":"publish","type":"page","link":"https:\/\/www.balancepraxis-andreabraun.de\/praxis\/ablauf_einer_balance\/","title":{"rendered":"Ablauf einer Balance"},"content":{"rendered":"<section class=\"wpb-content-wrapper\"><p>[vc_row css=&#8221;.vc_custom_1654786111923{padding-top: 30px !important;padding-right: 20px !important;padding-left: 20px !important;background-color: rgba(255,255,255,0.8) !important;*background-color: rgb(255,255,255) !important;}&#8221;][vc_column width=&#8221;1\/4&#8243;][vc_single_image image=&#8221;15876&#8243; img_size=&#8221;full&#8221; css=&#8221;.vc_custom_1656583506359{padding-top: 30px !important;}&#8221;][\/vc_column][vc_column width=&#8221;3\/4&#8243;][vc_column_text css=&#8221;.vc_custom_1699030114330{margin-right: 60px !important;margin-left: 40px !important;padding-top: 20px !important;}&#8221;]<span style=\"font-family: DejaVu Sans, sans-serif; color: #333333;\"><span style=\"font-size: xx-large;\">Wie l\u00e4uft eine Balance ab?<\/span><\/span><\/p>\n<p>&nbsp;<\/p>\n<p><span style=\"font-family: DejaVu Sans, sans-serif; color: #333333;\"><span style=\"font-size: large;\">Aus den W\u00fcnschen und Bed\u00fcrfnissen, mit denen der Klient zu mir in die Praxis kommt, erarbeiten wir ein konkretes, positiv ausgerichtetes Ziel. Grundlage hierf\u00fcr ist ein Vorgespr\u00e4ch, in dem der Klient seine Thematik schildert. Der Fokus liegt dabei immer auf der L\u00f6sung, nicht auf dem Problem.<\/span><\/span><\/p>\n<p><span style=\"font-family: DejaVu Sans, sans-serif; color: #333333;\"><span style=\"font-size: large;\">Ein Ziel vor Augen zu haben, motiviert ungemein und hilft dabei, den n\u00e4chsten Schritt zu machen und Entscheidungen zu treffen, die ohne Fokus auf ein Ziel eventuell viel schwerer fallen w\u00fcrden.<\/span><\/span><\/p>\n<p>&nbsp;<\/p>\n<p><span style=\"font-family: DejaVu Sans, sans-serif; color: #333333;\"><span style=\"font-size: large;\">Nach der Zielformulierung erl\u00e4utere ich den Muskeltest, der in der kinesiologischen Balance das wichtigste \u201eWerkzeug\u201c darstellt. Wir testen sowohl, ob das Ziel stimmig ist, ob der Klient auf allen Ebenen bereitwillig ist, alles Erforderliche zu tun, als auch was in diesem Moment ben\u00f6tigt wird, um den n\u00e4chsten Schritt in Richtung Ziel zu machen. Dies hilft dem Klienten, sein pers\u00f6nliches Potential zu aktivieren.<\/span><\/span><\/p>\n<p>&nbsp;<\/p>\n<p><span style=\"color: #333333;\"><em><strong><span style=\"font-family: DejaVu Sans, sans-serif;\"><span style=\"font-size: large;\">Eine kinesiologische Balance ersetzt nicht den Besuch beim Arzt oder Heilpraktiker.<\/span><\/span><\/strong><\/em><\/span>[\/vc_column_text][\/vc_column][\/vc_row]<\/p>\n<\/section>","protected":false},"excerpt":{"rendered":"<p>[vc_row css=&#8221;.vc_custom_1654786111923{padding-top: 30px !important;padding-right: 20px !important;padding-left: 20px !important;background-color: rgba(255,255,255,0.8) !important;*background-color: rgb(255,255,255) !important;}&#8221;][vc_column width=&#8221;1\/4&#8243;][vc_single_image image=&#8221;15876&#8243; img_size=&#8221;full&#8221; css=&#8221;.vc_custom_1656583506359{padding-top: 30px !important;}&#8221;][\/vc_column][vc_column width=&#8221;3\/4&#8243;][vc_column_text css=&#8221;.vc_custom_1699030114330{margin-right: 60px !important;margin-left: 40px !important;padding-top: 20px !important;}&#8221;]Wie l\u00e4uft eine Balance ab? &nbsp; Aus den W\u00fcnschen und Bed\u00fcrfnissen, mit denen der Klient zu mir in die Praxis kommt, erarbeiten wir ein konkretes, positiv ausgerichtetes Ziel. Grundlage hierf\u00fcr [&hellip;]<\/p>\n","protected":false},"author":1,"featured_media":0,"parent":0,"menu_order":0,"comment_status":"closed","ping_status":"closed","template":"","meta":{"footnotes":""},"class_list":["post-15771","page","type-page","status-publish","hentry"],"_links":{"self":[{"href":"https:\/\/www.balancepraxis-andreabraun.de\/praxis\/wp-json\/wp\/v2\/pages\/15771","targetHints":{"allow":["GET"]}}],"collection":[{"href":"https:\/\/www.balancepraxis-andreabraun.de\/praxis\/wp-json\/wp\/v2\/pages"}],"about":[{"href":"https:\/\/www.balancepraxis-andreabraun.de\/praxis\/wp-json\/wp\/v2\/types\/page"}],"author":[{"embeddable":true,"href":"https:\/\/www.balancepraxis-andreabraun.de\/praxis\/wp-json\/wp\/v2\/users\/1"}],"replies":[{"embeddable":true,"href":"https:\/\/www.balancepraxis-andreabraun.de\/praxis\/wp-json\/wp\/v2\/comments?post=15771"}],"version-history":[{"count":13,"href":"https:\/\/www.balancepraxis-andreabraun.de\/praxis\/wp-json\/wp\/v2\/pages\/15771\/revisions"}],"predecessor-version":[{"id":16550,"href":"https:\/\/www.balancepraxis-andreabraun.de\/praxis\/wp-json\/wp\/v2\/pages\/15771\/revisions\/16550"}],"wp:attachment":[{"href":"https:\/\/www.balancepraxis-andreabraun.de\/praxis\/wp-json\/wp\/v2\/media?parent=15771"}],"curies":[{"name":"wp","href":"https:\/\/api.w.org\/{rel}","templated":true}]}}