{"id":15808,"date":"2022-06-10T09:34:24","date_gmt":"2022-06-10T07:34:24","guid":{"rendered":"http:\/\/www.balancepraxis-andreabraun.de\/praxis\/praxisangebot\/energetische-fussmassage\/"},"modified":"2024-03-13T22:29:20","modified_gmt":"2024-03-13T21:29:20","slug":"touch_for_health","status":"publish","type":"page","link":"https:\/\/www.balancepraxis-andreabraun.de\/praxis\/touch_for_health\/","title":{"rendered":"Touch for Health"},"content":{"rendered":"<section class=\"wpb-content-wrapper\"><p>[vc_row css=&#8221;.vc_custom_1654791210593{margin-right: 30px !important;}&#8221;][vc_column width=&#8221;1\/4&#8243; css=&#8221;.vc_custom_1654848376272{padding-top: 30px !important;padding-bottom: 30px !important;background-color: rgba(255,255,255,0.8) !important;*background-color: rgb(255,255,255) !important;}&#8221;][vc_single_image image=&#8221;15739&#8243; img_size=&#8221;300 x 300&#8243; css=&#8221;.vc_custom_1688903949546{margin-bottom: 44px !important;}&#8221;]<div class='dt-sc-toggle-group-set  gray_bg'><div class=\"dt-sc-toggle-frame\">\t<h5 class='dt-sc-toggle'><a href='#'>Touch for Health: ca. 90 Min. 90 \u20ac \/ 3x Balance im Paket 240 \u20ac <\/a><\/h5>\t<div class=\"dt-sc-toggle-content\" style=\"display: none;\">\t\t<div class=\"block\">Machen Sie Ihren Lieben eine Freude: Geschenkgutschein\t\t<\/div>\t<\/div><\/div><\/div>[\/vc_column][vc_column width=&#8221;3\/4&#8243; css=&#8221;.vc_custom_1654790340006{margin-left: 30px !important;padding-top: 30px !important;padding-right: 30px !important;padding-left: 40px !important;background-color: rgba(255,255,255,0.8) !important;*background-color: rgb(255,255,255) !important;}&#8221;]<h1>Ablauf einer Touchbalance<\/h1>[vc_column_text css=&#8221;.vc_custom_1710365306998{margin-bottom: 10px !important;}&#8221;]<\/p>\n<ul>\n<li><span style=\"font-size: large; color: #333333;\">Vorgespr\u00e4ch \u00fcber die Thematik des Klienten<\/span><\/li>\n<li><span style=\"font-size: large; color: #333333;\">Positive Zielformulierung<\/span><\/li>\n<li><span style=\"font-size: large; color: #333333;\">Unterbewusste blockierende Gedanken- bzw. Verhaltensmuster aufdecken<\/span><\/li>\n<li><span style=\"font-size: large; color: #333333;\">Erl\u00e4uterung Muskeltest<\/span><\/li>\n<li><span style=\"color: #333333;\">\u201e<span style=\"font-size: large;\">Klarcheck\u201c (Vortests)<\/span><\/span><\/li>\n<li><span style=\"font-size: large; color: #333333;\">Eigentliche Testphase: 14 Muskelgruppen werden getestet<\/span><\/li>\n<li><span style=\"font-size: large; color: #333333;\">Schaltet ein Muskel ab, wird sofort korrigiert und nachgetestet<\/span><\/li>\n<li><span style=\"font-size: large; color: #333333;\">Nach der Testphase: Nachtesten der Gedanken- bzw. Verhaltensmuster<\/span><\/li>\n<li><span style=\"font-size: large; color: #333333;\">Nachtesten der Zielformulierung<\/span><\/li>\n<li><span style=\"font-size: large; color: #333333;\">Klarcheck zum Abschluss der Balance<\/span><\/li>\n<\/ul>\n<p><span style=\"font-size: large; color: #333333;\">\u00a0<\/span><\/p>\n<p><strong><span style=\"font-size: large; color: #333333;\">F\u00fcr die &#8220;Korrekturen&#8221; nutze ich die Frequenzen von sogenannten K\u00f6rperstimmgabeln (128 Hz oder 136,10 Hz). Wenn Du mehr dar\u00fcber erfahren m\u00f6chtest, melde Dich gerne.<\/span><\/strong><\/p>\n<p>&nbsp;<\/p>\n<h4 class=\"western\"><strong><span style=\"font-size: large; color: #333333;\">M\u00f6chtest du diese Methode Kennenlernen?<\/span><\/strong><\/h4>\n<p><span style=\"font-size: large; color: #333333;\">Von Zeit zu Zeit biete ich die M\u00f6glichkeit, an einem Pr\u00e4sentationsabend (siehe Termine) \u201eTouch for Health\u201c sowie die Tonpunktur (Arbeit mit den K\u00f6rperstimmgabeln) kennenzulernen, um immer mehr Menschen diese schnelle und sehr effektive Methode zug\u00e4nglich zu machen. <\/span><\/p>\n<p>&nbsp;<\/p>\n<p><strong><span style=\"font-size: large; color: #333333;\">Ich bin von Balance zu Balance immer mehr begeistert von der Effektivit\u00e4t und der Wirkweise von TOUCH for HEALTH.<\/span><\/strong>[\/vc_column_text][\/vc_column][\/vc_row]<\/p>\n<\/section>","protected":false},"excerpt":{"rendered":"<p>[vc_row css=&#8221;.vc_custom_1654791210593{margin-right: 30px !important;}&#8221;][vc_column width=&#8221;1\/4&#8243; css=&#8221;.vc_custom_1654848376272{padding-top: 30px !important;padding-bottom: 30px !important;background-color: rgba(255,255,255,0.8) !important;*background-color: rgb(255,255,255) !important;}&#8221;][vc_single_image image=&#8221;15739&#8243; img_size=&#8221;300 x 300&#8243; css=&#8221;.vc_custom_1688903949546{margin-bottom: 44px !important;}&#8221;][\/vc_column][vc_column width=&#8221;3\/4&#8243; css=&#8221;.vc_custom_1654790340006{margin-left: 30px !important;padding-top: 30px !important;padding-right: 30px !important;padding-left: 40px !important;background-color: rgba(255,255,255,0.8) !important;*background-color: rgb(255,255,255) !important;}&#8221;][vc_column_text css=&#8221;.vc_custom_1710365306998{margin-bottom: 10px !important;}&#8221;] Vorgespr\u00e4ch \u00fcber die Thematik des Klienten Positive Zielformulierung Unterbewusste blockierende Gedanken- bzw. Verhaltensmuster aufdecken Erl\u00e4uterung Muskeltest \u201eKlarcheck\u201c [&hellip;]<\/p>\n","protected":false},"author":1,"featured_media":0,"parent":0,"menu_order":0,"comment_status":"closed","ping_status":"closed","template":"","meta":{"footnotes":""},"class_list":["post-15808","page","type-page","status-publish","hentry"],"_links":{"self":[{"href":"https:\/\/www.balancepraxis-andreabraun.de\/praxis\/wp-json\/wp\/v2\/pages\/15808","targetHints":{"allow":["GET"]}}],"collection":[{"href":"https:\/\/www.balancepraxis-andreabraun.de\/praxis\/wp-json\/wp\/v2\/pages"}],"about":[{"href":"https:\/\/www.balancepraxis-andreabraun.de\/praxis\/wp-json\/wp\/v2\/types\/page"}],"author":[{"embeddable":true,"href":"https:\/\/www.balancepraxis-andreabraun.de\/praxis\/wp-json\/wp\/v2\/users\/1"}],"replies":[{"embeddable":true,"href":"https:\/\/www.balancepraxis-andreabraun.de\/praxis\/wp-json\/wp\/v2\/comments?post=15808"}],"version-history":[{"count":29,"href":"https:\/\/www.balancepraxis-andreabraun.de\/praxis\/wp-json\/wp\/v2\/pages\/15808\/revisions"}],"predecessor-version":[{"id":16772,"href":"https:\/\/www.balancepraxis-andreabraun.de\/praxis\/wp-json\/wp\/v2\/pages\/15808\/revisions\/16772"}],"wp:attachment":[{"href":"https:\/\/www.balancepraxis-andreabraun.de\/praxis\/wp-json\/wp\/v2\/media?parent=15808"}],"curies":[{"name":"wp","href":"https:\/\/api.w.org\/{rel}","templated":true}]}}