{"id":15880,"date":"2022-06-30T12:11:06","date_gmt":"2022-06-30T10:11:06","guid":{"rendered":"http:\/\/www.balancepraxis-andreabraun.de\/praxis\/pages\/touch-for-health-geschichte\/"},"modified":"2023-11-04T17:09:22","modified_gmt":"2023-11-04T16:09:22","slug":"touch-for-health-geschichte","status":"publish","type":"page","link":"https:\/\/www.balancepraxis-andreabraun.de\/praxis\/touch-for-health-geschichte\/","title":{"rendered":"Touch for Health &#8211; Geschichte"},"content":{"rendered":"<section class=\"wpb-content-wrapper\"><p>[vc_row css=&#8221;.vc_custom_1654786111923{padding-top: 30px !important;padding-right: 20px !important;padding-left: 20px !important;background-color: rgba(255,255,255,0.8) !important;*background-color: rgb(255,255,255) !important;}&#8221;][vc_column width=&#8221;1\/4&#8243; css=&#8221;.vc_custom_1657635948070{padding-right: 10px !important;}&#8221;][vc_single_image image=&#8221;15738&#8243; img_size=&#8221;500&#215;500&#8243; css=&#8221;.vc_custom_1688904704500{padding-top: 150px !important;}&#8221;][\/vc_column][vc_column width=&#8221;3\/4&#8243;][vc_column_text css=&#8221;.vc_custom_1699114158525{margin-right: 60px !important;margin-left: 40px !important;padding-top: 20px !important;}&#8221;]<\/p>\n<div class=\"vc_row wpb_row vc_row-fluid\">\n<div class=\"wpb_column vc_column_container vc_col-sm-12\">\n<div class=\"vc_column-inner \">\n<div class=\"wpb_wrapper\">\n<div class=\"wpb_text_column wpb_content_element \">\n<div class=\"wpb_wrapper\">\n<div class=\"brz-root__container brz-reset-all\"><\/div>\n<\/div>\n<\/div>\n<\/div>\n<\/div>\n<\/div>\n<\/div>\n<div class=\"vc_row wpb_row vc_row-fluid\">\n<div class=\"wpb_column vc_column_container vc_col-sm-12\">\n<div class=\"vc_column-inner \">\n<div class=\"wpb_wrapper\">\n<div class=\"wpb_text_column wpb_content_element \">\n<div class=\"wpb_wrapper\">\n<p class=\"western\"><span style=\"font-family: DejaVu Sans, sans-serif; color: #333333;\"><span style=\"font-size: xx-large;\">Touch for Health \u2013 die Geschichte<\/span><\/span><\/p>\n<p>&nbsp;<\/p>\n<p><span style=\"font-family: DejaVu Sans, sans-serif; color: #333333;\"><span style=\"font-size: large;\"><b>John F. Thie<\/b> hat in den <b>1990er Jahren<\/b> mit Touch for Health eine kinesiologische Methode entwickelt, da es ihm ein Herzensanliegen war, allen Menschen, die mehr Verantwortung f\u00fcr ihre Gesundheit und ihr Wohlbefinden \u00fcbernehmen wollen, ein effektives System zu bieten.<\/span><\/span><\/p>\n<p>&nbsp;<\/p>\n<p><span style=\"font-family: DejaVu Sans, sans-serif; color: #333333;\"><span style=\"font-size: large;\"><b>John F. Thie<\/b> war <b>Chiropraktike<\/b>r und Direktor der Klinik f\u00fcr Chiropraktik in Pasadena\/Kalifornien. Mit Touch for Health wollte John F. Thie die Kinesiologie auc Laien und einer breiten \u00d6ffentlichkeit zug\u00e4nglich machen. <b>Touch for Health kombiniert Elemente der Chiropraktik, Bewegungslehre, Akupressur und Ern\u00e4hrungswissenschaft.<\/b><\/span><\/span><\/p>\n<p>&nbsp;<\/p>\n<p><span style=\"font-family: DejaVu Sans, sans-serif; color: #333333;\"><span style=\"font-size: large;\">Sein Ziel war es, durch Touch for Health Gesundheitsvorsorge im Familien- und Bekanntenkreis zu erm\u00f6glichen und so Pr\u00e4vention und Eigenverantwortung zu st\u00e4rken. Die Welt sollte ein Ort sein, an dem sich die Menschen wohlf\u00fchlen und sich liebevoll um ihre N\u00e4chsten k\u00fcmmern.<\/span><\/span><\/p>\n<p>&nbsp;<\/p>\n<p><span style=\"font-family: DejaVu Sans, sans-serif; color: #333333;\"><span style=\"font-size: large;\">Sein <b>Buch \u201eTouch for Health\u201c erschien im Jahr 1973<\/b> und wurde bislang in 17 Sprachen \u00fcbersetzt. Mit Touch for Health wurde die kinesiologische Bewegung ins Rollen gebracht. <b>Dr. Thie gilt weltweit als Pionier.<\/b> Sein Anliegen war es, seiner Umwelt Humanit\u00e4t und N\u00e4chstenliebe vorzuleben und mit auf den Weg zu geben.<\/span><\/span><\/p>\n<p>&nbsp;<\/p>\n<p><span style=\"font-family: DejaVu Sans, sans-serif; color: #333333;\"><span style=\"font-size: large;\"><b>Herzlichen Dank an John F. Thie<\/b><\/span><\/span><\/p>\n<p>&nbsp;<\/p>\n<\/div>\n<\/div>\n<\/div>\n<\/div>\n<\/div>\n<\/div>\n<p>[\/vc_column_text][\/vc_column][\/vc_row]<\/p>\n<\/section>","protected":false},"excerpt":{"rendered":"<p>[vc_row css=&#8221;.vc_custom_1654786111923{padding-top: 30px !important;padding-right: 20px !important;padding-left: 20px !important;background-color: rgba(255,255,255,0.8) !important;*background-color: rgb(255,255,255) !important;}&#8221;][vc_column width=&#8221;1\/4&#8243; css=&#8221;.vc_custom_1657635948070{padding-right: 10px !important;}&#8221;][vc_single_image image=&#8221;15738&#8243; img_size=&#8221;500&#215;500&#8243; css=&#8221;.vc_custom_1688904704500{padding-top: 150px !important;}&#8221;][\/vc_column][vc_column width=&#8221;3\/4&#8243;][vc_column_text css=&#8221;.vc_custom_1699114158525{margin-right: 60px !important;margin-left: 40px !important;padding-top: 20px !important;}&#8221;] Touch for Health \u2013 die Geschichte &nbsp; John F. Thie hat in den 1990er Jahren mit Touch for Health eine kinesiologische Methode entwickelt, da es ihm [&hellip;]<\/p>\n","protected":false},"author":1,"featured_media":0,"parent":0,"menu_order":0,"comment_status":"closed","ping_status":"closed","template":"","meta":{"footnotes":""},"class_list":["post-15880","page","type-page","status-publish","hentry"],"_links":{"self":[{"href":"https:\/\/www.balancepraxis-andreabraun.de\/praxis\/wp-json\/wp\/v2\/pages\/15880","targetHints":{"allow":["GET"]}}],"collection":[{"href":"https:\/\/www.balancepraxis-andreabraun.de\/praxis\/wp-json\/wp\/v2\/pages"}],"about":[{"href":"https:\/\/www.balancepraxis-andreabraun.de\/praxis\/wp-json\/wp\/v2\/types\/page"}],"author":[{"embeddable":true,"href":"https:\/\/www.balancepraxis-andreabraun.de\/praxis\/wp-json\/wp\/v2\/users\/1"}],"replies":[{"embeddable":true,"href":"https:\/\/www.balancepraxis-andreabraun.de\/praxis\/wp-json\/wp\/v2\/comments?post=15880"}],"version-history":[{"count":12,"href":"https:\/\/www.balancepraxis-andreabraun.de\/praxis\/wp-json\/wp\/v2\/pages\/15880\/revisions"}],"predecessor-version":[{"id":16586,"href":"https:\/\/www.balancepraxis-andreabraun.de\/praxis\/wp-json\/wp\/v2\/pages\/15880\/revisions\/16586"}],"wp:attachment":[{"href":"https:\/\/www.balancepraxis-andreabraun.de\/praxis\/wp-json\/wp\/v2\/media?parent=15880"}],"curies":[{"name":"wp","href":"https:\/\/api.w.org\/{rel}","templated":true}]}}