{"id":15896,"date":"2022-06-30T12:55:27","date_gmt":"2022-06-30T10:55:27","guid":{"rendered":"http:\/\/www.balancepraxis-andreabraun.de\/praxis\/gallery\/vortraege-seminare\/"},"modified":"2024-02-04T16:49:26","modified_gmt":"2024-02-04T15:49:26","slug":"bibliothek","status":"publish","type":"page","link":"https:\/\/www.balancepraxis-andreabraun.de\/praxis\/bibliothek\/","title":{"rendered":"Bibliothek"},"content":{"rendered":"<section class=\"wpb-content-wrapper\"><p>[vc_row css=&#8221;.vc_custom_1654791210593{margin-right: 30px !important;}&#8221;][vc_column width=&#8221;1\/4&#8243; css=&#8221;.vc_custom_1654848376272{padding-top: 30px !important;padding-bottom: 30px !important;background-color: rgba(255,255,255,0.8) !important;*background-color: rgb(255,255,255) !important;}&#8221;][vc_single_image image=&#8221;15893&#8243; img_size=&#8221;300 x 300&#8243; css=&#8221;.vc_custom_1656586656985{margin-bottom: 44px !important;}&#8221;][\/vc_column][vc_column width=&#8221;3\/4&#8243; css=&#8221;.vc_custom_1654790340006{margin-left: 30px !important;padding-top: 30px !important;padding-right: 30px !important;padding-left: 40px !important;background-color: rgba(255,255,255,0.8) !important;*background-color: rgb(255,255,255) !important;}&#8221;]<h3>Buch &amp; Spirit =<\/h3>[vc_column_text css=&#8221;.vc_custom_1707061759568{margin-bottom: 10px !important;}&#8221;]<\/p>\n<h4 class=\"western\" align=\"left\"><span style=\"font-family: DejaVu Sans, sans-serif; color: #333333;\"><span style=\"font-size: large;\"><b>Ganzheitliche \/ spirituelle Bibliothek<\/b><\/span><\/span><\/h4>\n<p><span style=\"font-family: DejaVu Sans, sans-serif; color: #333333;\"><span style=\"font-size: large;\">Hier kannst Du kostenfrei ausleihen:<\/span><\/span><\/p>\n<ul>\n<li><span style=\"font-family: DejaVu Sans, sans-serif; color: #333333;\"><span style=\"font-size: large;\">1000 B\u00fccher zu unterschiedlichen Lebensthemen<\/span><\/span><\/li>\n<li><span style=\"font-family: DejaVu Sans, sans-serif; color: #333333;\"><span style=\"font-size: large;\">tiefgr\u00fcndige und spirituelle Filme<\/span><\/span><\/li>\n<li><span style=\"font-family: DejaVu Sans, sans-serif; color: #333333;\"><span style=\"font-size: large;\">CDs mit Vortr\u00e4gen \/ Meditationen \/ Mantren \/ Musik zur\u00a0\u00a0 Entspannung<\/span><\/span><\/li>\n<li><span style=\"font-family: DejaVu Sans, sans-serif; color: #333333;\"><span style=\"font-size: large;\">Kartendecks und Magazine<\/span><\/span><\/li>\n<\/ul>\n<h4><\/h4>\n<p><span style=\"font-family: DejaVu Sans, sans-serif; color: #800080;\"><span style=\"font-size: medium;\"><b>Hier eine kleine \u00dcbersicht zu den verschiedenen Themen meiner Bibliothek:<\/b><\/span><\/span><\/p>\n<ul>\n<li><span style=\"font-family: DejaVu Sans, sans-serif; color: #333333;\"><span style=\"font-size: medium;\">A wie Auro-Soma, Ayurve<\/span><span style=\"font-size: medium;\">da, Aroma, Achtsamkeit, Astrologie, Augen<\/span><\/span><\/li>\n<li><span style=\"font-family: DejaVu Sans, sans-serif; color: #333333;\"><span style=\"font-size: medium;\">B wie Bachbl\u00fcten, Buddhismus, Biographie<\/span><\/span><\/li>\n<li><span style=\"font-family: DejaVu Sans, sans-serif; color: #333333;\"><span style=\"font-size: medium;\">C wie Chakren<\/span><\/span><\/li>\n<li><span style=\"font-family: DejaVu Sans, sans-serif; color: #333333;\"><span style=\"font-size: medium;\">D wie Dankbarkeit<\/span><\/span><\/li>\n<li><span style=\"font-family: DejaVu Sans, sans-serif; color: #333333;\"><span style=\"font-size: medium;\">E wie Engel, Energiearbeit, Ern\u00e4hrung, Enneagram, Edelsteine <\/span><\/span><\/li>\n<li><span style=\"font-family: DejaVu Sans, sans-serif; color: #333333;\"><span style=\"font-size: medium;\">F wie F\u00fc\u00dfe, Freude, Frau &amp; Mann, Feng Shui<\/span><\/span><\/li>\n<li><span style=\"font-family: DejaVu Sans, sans-serif; color: #333333;\"><span style=\"font-size: medium;\">G wie Gl\u00fcck, Gedichte, Gebete, Gedanken, Gelassenheit<\/span><\/span><\/li>\n<li><span style=\"font-family: DejaVu Sans, sans-serif; color: #333333;\"><span style=\"font-size: medium;\">H wie Heilkr\u00e4uter, Herz, H\u00e4nde, Hom\u00f6opathie<\/span><\/span><\/li>\n<li><span style=\"font-family: DejaVu Sans, sans-serif; color: #333333;\"><span style=\"font-size: medium;\">I wie Intuition, Intelligenz <\/span><\/span><\/li>\n<li><span style=\"font-family: DejaVu Sans, sans-serif; color: #333333;\"><span style=\"font-size: medium;\">J wie Jin Shin Jyutsu<\/span><\/span><\/li>\n<li><span style=\"font-family: DejaVu Sans, sans-serif; color: #333333;\"><span style=\"font-size: medium;\">L wie Liebe<\/span><\/span><\/li>\n<li><span style=\"font-family: DejaVu Sans, sans-serif; color: #333333;\"><span style=\"font-size: medium;\">M wie Meditation, Mondphasen, Mudras, Marma<\/span><\/span><\/li>\n<li><span style=\"font-family: DejaVu Sans, sans-serif; color: #333333;\"><span style=\"font-size: medium;\">N wie Numerologie<\/span><\/span><\/li>\n<li><span style=\"font-family: DejaVu Sans, sans-serif; color: #333333;\"><span style=\"font-size: medium;\">P wie Philosophie<\/span><\/span><\/li>\n<li><span style=\"font-family: DejaVu Sans, sans-serif; color: #333333;\"><span style=\"font-size: medium;\">Q wie Qigong<\/span><\/span><\/li>\n<li><span style=\"font-family: DejaVu Sans, sans-serif; color: #333333;\"><span style=\"font-size: medium;\">R wie R\u00e4uchern, Rituale, Romane<\/span><\/span><\/li>\n<li><span style=\"font-family: DejaVu Sans, sans-serif; color: #333333;\"><span style=\"font-size: medium;\">S wie Seele, Schamanismus, Schatten, Stille, Sch\u00fcssler<\/span><\/span><\/li>\n<li><span style=\"font-family: DejaVu Sans, sans-serif; color: #333333;\"><span style=\"font-size: medium;\">T wie Tarot, Tao, Trauer, Tr\u00e4ume, Tod, Transformation<\/span><\/span><\/li>\n<li><span style=\"font-family: DejaVu Sans, sans-serif; color: #333333;\"><span style=\"font-size: medium;\">U wie Ursprung, \u00dcbung<\/span><\/span><\/li>\n<li><span style=\"font-family: DejaVu Sans, sans-serif; color: #333333;\"><span style=\"font-size: medium;\">V wie Vergebung, Vertrauen<\/span><\/span><\/li>\n<li><span style=\"font-family: DejaVu Sans, sans-serif; color: #333333;\"><span style=\"font-size: medium;\">W wie Wahrheit, Weisheit, Worte, Wandlung<\/span><\/span><\/li>\n<li><span style=\"font-family: DejaVu Sans, sans-serif; color: #333333;\"><span style=\"font-size: medium;\">Y wie Yoga<\/span><\/span><\/li>\n<li><span style=\"font-family: DejaVu Sans, sans-serif; color: #333333;\"><span style=\"font-size: medium;\">Z wie Zeitgeist, Zen<\/span><\/span><\/li>\n<\/ul>\n<p><span style=\"color: #333333;\"><strong><span style=\"font-family: DejaVu Sans, sans-serif;\"><span style=\"font-size: large;\">Bei Interesse kannst Du gerne einen <a style=\"color: #333333;\" href=\"mailto:raum@balancepraxis-andreabraun.de\">individuellen Termin vereinbaren<\/a> und ganz in Ruhe schm\u00f6kern.<\/span><\/span><\/strong><\/span>[\/vc_column_text][\/vc_column][\/vc_row]<\/p>\n<\/section>","protected":false},"excerpt":{"rendered":"<p>[vc_row css=&#8221;.vc_custom_1654791210593{margin-right: 30px !important;}&#8221;][vc_column width=&#8221;1\/4&#8243; css=&#8221;.vc_custom_1654848376272{padding-top: 30px !important;padding-bottom: 30px !important;background-color: rgba(255,255,255,0.8) !important;*background-color: rgb(255,255,255) !important;}&#8221;][vc_single_image image=&#8221;15893&#8243; img_size=&#8221;300 x 300&#8243; css=&#8221;.vc_custom_1656586656985{margin-bottom: 44px !important;}&#8221;][\/vc_column][vc_column width=&#8221;3\/4&#8243; css=&#8221;.vc_custom_1654790340006{margin-left: 30px !important;padding-top: 30px !important;padding-right: 30px !important;padding-left: 40px !important;background-color: rgba(255,255,255,0.8) !important;*background-color: rgb(255,255,255) !important;}&#8221;][vc_column_text css=&#8221;.vc_custom_1707061759568{margin-bottom: 10px !important;}&#8221;] Ganzheitliche \/ spirituelle Bibliothek Hier kannst Du kostenfrei ausleihen: 1000 B\u00fccher zu unterschiedlichen Lebensthemen tiefgr\u00fcndige und spirituelle [&hellip;]<\/p>\n","protected":false},"author":1,"featured_media":0,"parent":0,"menu_order":0,"comment_status":"closed","ping_status":"closed","template":"","meta":{"footnotes":""},"class_list":["post-15896","page","type-page","status-publish","hentry"],"_links":{"self":[{"href":"https:\/\/www.balancepraxis-andreabraun.de\/praxis\/wp-json\/wp\/v2\/pages\/15896","targetHints":{"allow":["GET"]}}],"collection":[{"href":"https:\/\/www.balancepraxis-andreabraun.de\/praxis\/wp-json\/wp\/v2\/pages"}],"about":[{"href":"https:\/\/www.balancepraxis-andreabraun.de\/praxis\/wp-json\/wp\/v2\/types\/page"}],"author":[{"embeddable":true,"href":"https:\/\/www.balancepraxis-andreabraun.de\/praxis\/wp-json\/wp\/v2\/users\/1"}],"replies":[{"embeddable":true,"href":"https:\/\/www.balancepraxis-andreabraun.de\/praxis\/wp-json\/wp\/v2\/comments?post=15896"}],"version-history":[{"count":12,"href":"https:\/\/www.balancepraxis-andreabraun.de\/praxis\/wp-json\/wp\/v2\/pages\/15896\/revisions"}],"predecessor-version":[{"id":16758,"href":"https:\/\/www.balancepraxis-andreabraun.de\/praxis\/wp-json\/wp\/v2\/pages\/15896\/revisions\/16758"}],"wp:attachment":[{"href":"https:\/\/www.balancepraxis-andreabraun.de\/praxis\/wp-json\/wp\/v2\/media?parent=15896"}],"curies":[{"name":"wp","href":"https:\/\/api.w.org\/{rel}","templated":true}]}}