{"id":16432,"date":"2023-07-09T16:17:07","date_gmt":"2023-07-09T14:17:07","guid":{"rendered":"https:\/\/www.balancepraxis-andreabraun.de\/praxis\/touch-for-health\/"},"modified":"2024-10-01T20:12:07","modified_gmt":"2024-10-01T18:12:07","slug":"gruppenbalance","status":"publish","type":"page","link":"https:\/\/www.balancepraxis-andreabraun.de\/praxis\/gruppenbalance\/","title":{"rendered":"Gruppenbalance &#8211; kinesiologisches Gruppencoaching"},"content":{"rendered":"<section class=\"wpb-content-wrapper\"><p>[vc_row css=&#8221;.vc_custom_1654791210593{margin-right: 30px !important;}&#8221;][vc_column width=&#8221;1\/4&#8243; css=&#8221;.vc_custom_1654848376272{padding-top: 30px !important;padding-bottom: 30px !important;background-color: rgba(255,255,255,0.8) !important;*background-color: rgb(255,255,255) !important;}&#8221;][vc_single_image image=&#8221;15520&#8243; img_size=&#8221;300 x 300&#8243; css=&#8221;.vc_custom_1688912527277{margin-bottom: 44px !important;}&#8221;]<div class='dt-sc-toggle-group-set  gray_bg'><div class=\"dt-sc-toggle-frame\">\t<h5 class='dt-sc-toggle'><a href='#'>Gruppenbalance: Termine siehe Raum f\u00fcr Begegnung \/ Angebote und Termine<\/a><\/h5>\t<div class=\"dt-sc-toggle-content\" style=\"display: none;\">\t\t<div class=\"block\">\t\t<\/div>\t<\/div><\/div><\/div>[\/vc_column][vc_column width=&#8221;3\/4&#8243; css=&#8221;.vc_custom_1654790340006{margin-left: 30px !important;padding-top: 30px !important;padding-right: 30px !important;padding-left: 40px !important;background-color: rgba(255,255,255,0.8) !important;*background-color: rgb(255,255,255) !important;}&#8221;]<h2>Gruppenbalance - kinesiologisches Gruppencoaching<\/h2>[vc_column_text css=&#8221;.vc_custom_1699116535349{margin-bottom: 10px !important;}&#8221;]<\/p>\n<h4 class=\"western\"><span style=\"font-family: DejaVu Sans, sans-serif; color: #333333;\"><span style=\"font-size: x-large;\">Mit der Kraft des WIR dein SEIN st\u00e4rken!<\/span><\/span><\/h4>\n<p>&nbsp;<\/p>\n<p><span style=\"font-family: DejaVu Sans, sans-serif; color: #333333;\"><span style=\"font-size: large;\">In dieser besonderen Zeitqualit\u00e4t des Wassermann-Zeitalters erleben wir eine sehr herausfordernde, au\u00dfergew\u00f6hnliche Zeit. Es geht um das Thema Gruppenbewusstsein &#8211; um das WIR.<\/span><\/span><\/p>\n<p><span style=\"font-family: DejaVu Sans, sans-serif; color: #333333;\"><span style=\"font-size: large;\">Jeder Einzelne von uns ist jetzt dazu aufgerufen, in Eigenverantwortung zu gehen, um den Irrungen und Wirrungen dieser Zeit gewachsen zu sein und allen herausfordernden Situationen, die auf uns einprasseln, standhalten zu k\u00f6nnen. Eine gro\u00dfe Aufgabe, die in der Gruppe und Gemeinschaft f\u00fcr viele leichter zu bew\u00e4ltigen ist.<\/span><\/span><\/p>\n<p><span style=\"font-family: DejaVu Sans, sans-serif; color: #333333;\"><span style=\"font-size: large;\">Daher biete ich Gruppenbalancen an, bei der alle Teilnehmer gleichzeitig eine kinesiologische Balance erhalten und dabei von dem Wissen und der Erfahrung jedes Einzelnen profitieren. Jeder kann die Gruppenenergie f\u00fcr seinen eigenen Prozess nutzen &#8211; mit der Kraft des WIR wird dein SEIN gest\u00e4rkt.<\/span><\/span><\/p>\n<p><span style=\"font-family: DejaVu Sans, sans-serif; color: #333333;\"><span style=\"font-size: large;\">Die Gruppenbalance kann sowohl unter einem bestimmten Schwerpunkt stattfinden (z.B. Loslassen, Vertrauen, Selbstwert st\u00e4rken u.v.m.), oder jeder Teilnehmer kann an offenen Gruppenabenden sein individuelles Thema mitbringen. Jeder wird aber immer auch Gemeinsamkeiten entdecken und durch das Wissen und den Erfahrungsschatz der anderen inspiriert werden.<\/span><\/span><\/p>\n<p><span style=\"font-family: DejaVu Sans, sans-serif; color: #333333;\"><span style=\"font-size: large;\">Jeder Teilnehmer profitiert auch von den individuellen Zielen der anderen Teilnehmer und &#8211; wenn vorab ausgetestet &#8211; auch von einem Gruppenziel. Das gemeinsame Energiefeld potenziert den positiven Effekt.<\/span><\/span><\/p>\n<p><span style=\"font-family: DejaVu Sans, sans-serif; color: #333333;\"><span style=\"font-size: large;\">Falls Du Fragen hast, gerne mal an einer Gruppenbalance teilhaben m\u00f6chtest oder eine Gruppe kennst, die an einem Gruppencoaching interessiert ist, melde Dich gerne.<\/span><\/span><\/p>\n<p>[\/vc_column_text][\/vc_column][\/vc_row]<\/p>\n<\/section>","protected":false},"excerpt":{"rendered":"<p>[vc_row css=&#8221;.vc_custom_1654791210593{margin-right: 30px !important;}&#8221;][vc_column width=&#8221;1\/4&#8243; css=&#8221;.vc_custom_1654848376272{padding-top: 30px !important;padding-bottom: 30px !important;background-color: rgba(255,255,255,0.8) !important;*background-color: rgb(255,255,255) !important;}&#8221;][vc_single_image image=&#8221;15520&#8243; img_size=&#8221;300 x 300&#8243; css=&#8221;.vc_custom_1688912527277{margin-bottom: 44px !important;}&#8221;][\/vc_column][vc_column width=&#8221;3\/4&#8243; css=&#8221;.vc_custom_1654790340006{margin-left: 30px !important;padding-top: 30px !important;padding-right: 30px !important;padding-left: 40px !important;background-color: rgba(255,255,255,0.8) !important;*background-color: rgb(255,255,255) !important;}&#8221;][vc_column_text css=&#8221;.vc_custom_1699116535349{margin-bottom: 10px !important;}&#8221;] Mit der Kraft des WIR dein SEIN st\u00e4rken! &nbsp; In dieser besonderen Zeitqualit\u00e4t des Wassermann-Zeitalters erleben wir [&hellip;]<\/p>\n","protected":false},"author":1,"featured_media":0,"parent":0,"menu_order":0,"comment_status":"closed","ping_status":"closed","template":"","meta":{"footnotes":""},"class_list":["post-16432","page","type-page","status-publish","hentry"],"_links":{"self":[{"href":"https:\/\/www.balancepraxis-andreabraun.de\/praxis\/wp-json\/wp\/v2\/pages\/16432","targetHints":{"allow":["GET"]}}],"collection":[{"href":"https:\/\/www.balancepraxis-andreabraun.de\/praxis\/wp-json\/wp\/v2\/pages"}],"about":[{"href":"https:\/\/www.balancepraxis-andreabraun.de\/praxis\/wp-json\/wp\/v2\/types\/page"}],"author":[{"embeddable":true,"href":"https:\/\/www.balancepraxis-andreabraun.de\/praxis\/wp-json\/wp\/v2\/users\/1"}],"replies":[{"embeddable":true,"href":"https:\/\/www.balancepraxis-andreabraun.de\/praxis\/wp-json\/wp\/v2\/comments?post=16432"}],"version-history":[{"count":8,"href":"https:\/\/www.balancepraxis-andreabraun.de\/praxis\/wp-json\/wp\/v2\/pages\/16432\/revisions"}],"predecessor-version":[{"id":16899,"href":"https:\/\/www.balancepraxis-andreabraun.de\/praxis\/wp-json\/wp\/v2\/pages\/16432\/revisions\/16899"}],"wp:attachment":[{"href":"https:\/\/www.balancepraxis-andreabraun.de\/praxis\/wp-json\/wp\/v2\/media?parent=16432"}],"curies":[{"name":"wp","href":"https:\/\/api.w.org\/{rel}","templated":true}]}}