{"id":16448,"date":"2023-08-06T13:15:26","date_gmt":"2023-08-06T11:15:26","guid":{"rendered":"https:\/\/www.balancepraxis-andreabraun.de\/praxis\/hand-in-hand\/"},"modified":"2025-04-18T23:27:28","modified_gmt":"2025-04-18T21:27:28","slug":"neuewege","status":"publish","type":"page","link":"https:\/\/www.balancepraxis-andreabraun.de\/praxis\/neuewege\/","title":{"rendered":"Klangshop Neuewege"},"content":{"rendered":"<section class=\"wpb-content-wrapper\"><p>[vc_section full_width=&#8221;stretch_row&#8221; content_placement=&#8221;middle&#8221; css=&#8221;.vc_custom_1657553352044{background-color: rgba(255,255,255,0.8) !important;background-position: 0 0 !important;background-repeat: no-repeat !important;*background-color: rgb(255,255,255) !important;}&#8221;][vc_row][vc_column width=&#8221;1\/2&#8243;]<div id=\"1745011419675-447eb276-8e6f\" class=\"dt-sc-empty-space\"><\/div>[vc_single_image image=&#8221;16963&#8243; img_size=&#8221;1080&#215;1920&#8243; onclick=&#8221;custom_link&#8221; img_link_target=&#8221;_blank&#8221; link=&#8221;https:\/\/www.neuewege-klang.shop\/?nwref=77&#8243;][\/vc_column][vc_column width=&#8221;1\/2&#8243;]<div id=\"1691340291059-fe429950-48d1\" class=\"dt-sc-empty-space\"><\/div><div class='dt-sc-title with-two-border with-sub-title '><h2>Neuewege Klangshop<\/h2><h4>Klangentspannung und bewusste Lebensf\u00fchrung<\/h4><\/div>[vc_column_text css=&#8221;.vc_custom_1745011640703{margin-top: 20px !important;}&#8221;]<\/p>\n<p style=\"padding-left: 80px;\"><a class=\"single_photoswipe\" href=\"https:\/\/www.balancepraxis-andreabraun.de\/praxis\/wp-content\/uploads\/2023\/05\/neuewege-webshop-logo-500.png\" data-size=\"500x161\"><br \/>\n<img loading=\"lazy\" decoding=\"async\" class=\"wp-image-16307 aligncenter\" src=\"https:\/\/www.balancepraxis-andreabraun.de\/praxis\/wp-content\/uploads\/2023\/05\/neuewege-webshop-logo-500-300x97.png\" alt=\"\" width=\"380\" height=\"123\" srcset=\"https:\/\/www.balancepraxis-andreabraun.de\/praxis\/wp-content\/uploads\/2023\/05\/neuewege-webshop-logo-500-300x97.png 300w, https:\/\/www.balancepraxis-andreabraun.de\/praxis\/wp-content\/uploads\/2023\/05\/neuewege-webshop-logo-500.png 500w\" sizes=\"auto, (max-width: 380px) 100vw, 380px\" \/> <\/a><\/p>\n<p>&nbsp;<\/p>\n<p><span style=\"font-size: 14.0pt; font-family: 'Verdana','sans-serif'; color: #333333;\">Du bist auf der Suche nach einer hochwertigen K\u00f6rper-Stimmgabel oder einer Klangschale? Schau mal rein beim <\/span><span style=\"font-size: 14pt; font-family: 'Verdana', 'sans-serif'; color: #ff9900;\"><a style=\"color: #ff9900;\" href=\"https:\/\/www.neuewege-klang.shop\/?nwref=77\"><strong><span style=\"font-family: 'Verdana', 'sans-serif'; text-decoration: none;\">Neuewege Klangzentrum<\/span><\/strong><\/a><\/span><span style=\"font-size: 14.0pt; font-family: 'Verdana','sans-serif'; color: #333333;\"> in \u00d6sterreich. Hier findest Du auch Koshis und andere Klanginstrumente sowie hochwertige \u00e4therische \u00d6le und B\u00fccher. Es gibt viel zu entdecken. <\/span><\/p>\n<p>&nbsp;<\/p>\n<p><span style=\"font-size: 14.0pt; font-family: 'Verdana','sans-serif'; color: #333333;\">Falls Du eine Bestellung t\u00e4tigen m\u00f6chtest, w\u00fcrde ich mich sehr freuen, wenn Du hier klickst: <\/span><span style=\"font-size: 14pt; font-family: 'Verdana', 'sans-serif'; color: #ff9900;\"><a style=\"color: #ff9900;\" href=\"https:\/\/www.neuewege-klang.shop\/?nwref=77\"><strong><span style=\"font-family: 'Verdana', 'sans-serif'; text-decoration: none;\">Neuewege Klangzentrum<\/span><\/strong><\/a><\/span><span style=\"font-size: 14.0pt; font-family: 'Verdana','sans-serif'; color: #333333;\">, da ich mich entschlossen habe, nach meinen wunderbaren Erfahrungen mit den Stimmgabeln, Affiliate-Partner vom Klangzentrum zu werden. Das Team ist klasse.<\/span><\/p>\n<p>&nbsp;<\/p>\n<p><span style=\"color: #ff9900;\"><strong><span style=\"font-size: 14.0pt; font-family: 'Verdana','sans-serif';\">Bei Deiner ersten Bestellung mit einem Mindestbestellwert ab 50 \u20ac erh\u00e4ltst Du einen Willkommensgutschein im Wert von 25 \u20ac.<\/span><\/strong><\/span><\/p>\n<p>&nbsp;<\/p>\n<p><span style=\"font-size: 14.0pt; font-family: 'Verdana','sans-serif'; color: #333333;\">Ich w\u00fcnsche Dir viele wundervolle Erfahrungen mit deiner\/deinen Stimmgabeln. <\/span><\/p>\n<p>&nbsp;<\/p>\n<p><span style=\"font-size: 14.0pt; font-family: 'Verdana','sans-serif'; color: #333333;\"><strong>Am 14. Mai 2025 von 19 bis 21 Uhr findet in meinem R<\/strong>a<strong>um f\u00fcr Begegnung ein Workshop &#8220;Sanfte Schwingung f\u00fcr K\u00f6rper &amp; Geist&#8221; statt. <\/strong><\/span><\/p>\n<p><span style=\"font-size: 14.0pt; font-family: 'Verdana','sans-serif'; color: #333333;\"><strong>Wenn Du in die Welt der K\u00f6rper-Stimmgabeln eintauchen m\u00f6chtest, melde Dich gerne dazu an. Mehr Infos dazu findest Du <a href=\"https:\/\/www.balancepraxis-andreabraun.de\/praxis\/angebote_und_termine\/\">hier<\/a>.<\/strong><\/span>[\/vc_column_text][\/vc_column][\/vc_row][vc_row][vc_column][\/vc_column][\/vc_row][\/vc_section][vc_row][vc_column][vc_separator color=&#8221;chino&#8221; border_width=&#8221;3&#8243;][\/vc_column][\/vc_row]<\/p>\n<\/section>","protected":false},"excerpt":{"rendered":"<p>[vc_section full_width=&#8221;stretch_row&#8221; content_placement=&#8221;middle&#8221; css=&#8221;.vc_custom_1657553352044{background-color: rgba(255,255,255,0.8) !important;background-position: 0 0 !important;background-repeat: no-repeat !important;*background-color: rgb(255,255,255) !important;}&#8221;][vc_row][vc_column width=&#8221;1\/2&#8243;][vc_single_image image=&#8221;16963&#8243; img_size=&#8221;1080&#215;1920&#8243; onclick=&#8221;custom_link&#8221; img_link_target=&#8221;_blank&#8221; link=&#8221;https:\/\/www.neuewege-klang.shop\/?nwref=77&#8243;][\/vc_column][vc_column width=&#8221;1\/2&#8243;][vc_column_text css=&#8221;.vc_custom_1745011640703{margin-top: 20px !important;}&#8221;] &nbsp; Du bist auf der Suche nach einer hochwertigen K\u00f6rper-Stimmgabel oder einer Klangschale? Schau mal rein beim Neuewege Klangzentrum in \u00d6sterreich. Hier findest Du auch Koshis und andere Klanginstrumente sowie hochwertige \u00e4therische [&hellip;]<\/p>\n","protected":false},"author":1,"featured_media":0,"parent":0,"menu_order":0,"comment_status":"closed","ping_status":"closed","template":"","meta":{"footnotes":""},"class_list":["post-16448","page","type-page","status-publish","hentry"],"_links":{"self":[{"href":"https:\/\/www.balancepraxis-andreabraun.de\/praxis\/wp-json\/wp\/v2\/pages\/16448","targetHints":{"allow":["GET"]}}],"collection":[{"href":"https:\/\/www.balancepraxis-andreabraun.de\/praxis\/wp-json\/wp\/v2\/pages"}],"about":[{"href":"https:\/\/www.balancepraxis-andreabraun.de\/praxis\/wp-json\/wp\/v2\/types\/page"}],"author":[{"embeddable":true,"href":"https:\/\/www.balancepraxis-andreabraun.de\/praxis\/wp-json\/wp\/v2\/users\/1"}],"replies":[{"embeddable":true,"href":"https:\/\/www.balancepraxis-andreabraun.de\/praxis\/wp-json\/wp\/v2\/comments?post=16448"}],"version-history":[{"count":46,"href":"https:\/\/www.balancepraxis-andreabraun.de\/praxis\/wp-json\/wp\/v2\/pages\/16448\/revisions"}],"predecessor-version":[{"id":16997,"href":"https:\/\/www.balancepraxis-andreabraun.de\/praxis\/wp-json\/wp\/v2\/pages\/16448\/revisions\/16997"}],"wp:attachment":[{"href":"https:\/\/www.balancepraxis-andreabraun.de\/praxis\/wp-json\/wp\/v2\/media?parent=16448"}],"curies":[{"name":"wp","href":"https:\/\/api.w.org\/{rel}","templated":true}]}}