{"id":16815,"date":"2024-03-24T18:51:24","date_gmt":"2024-03-24T17:51:24","guid":{"rendered":"https:\/\/www.balancepraxis-andreabraun.de\/praxis\/lebensbalance-sitzung-2\/"},"modified":"2024-04-01T17:14:15","modified_gmt":"2024-04-01T15:14:15","slug":"leberenergie-staerken","status":"publish","type":"page","link":"https:\/\/www.balancepraxis-andreabraun.de\/praxis\/leberenergie-staerken\/","title":{"rendered":"Leber-Energie st\u00e4rken"},"content":{"rendered":"<section class=\"wpb-content-wrapper\"><p>[vc_row css=&#8221;.vc_custom_1654791210593{margin-right: 30px !important;}&#8221;][vc_column width=&#8221;1\/4&#8243; css=&#8221;.vc_custom_1654848446948{padding-top: 30px !important;padding-bottom: 30px !important;background-color: rgba(255,255,255,0.8) !important;*background-color: rgb(255,255,255) !important;}&#8221;][vc_single_image image=&#8221;16835&#8243; img_size=&#8221;300 x 420&#8243; css=&#8221;.vc_custom_1711984442397{margin-bottom: 44px !important;}&#8221;]<div class='dt-sc-toggle-group-set  gray_bg'><div class=\"dt-sc-toggle-frame\">\t<h5 class='dt-sc-toggle'><a href='#'>Leber-Energie st\u00e4rken: ca. 75 Minuten 75 \u20ac<\/a><\/h5>\t<div class=\"dt-sc-toggle-content\" style=\"display: none;\">\t\t<div class=\"block\">Machen Sie Ihren Lieben eine Freude: Geschenkgutschein\t\t<\/div>\t<\/div><\/div><\/div>[\/vc_column][vc_column width=&#8221;3\/4&#8243; css=&#8221;.vc_custom_1654790340006{margin-left: 30px !important;padding-top: 30px !important;padding-right: 30px !important;padding-left: 40px !important;background-color: rgba(255,255,255,0.8) !important;*background-color: rgb(255,255,255) !important;}&#8221;]<h1>Leber-Energie st\u00e4rken<\/h1>[vc_column_text css=&#8221;.vc_custom_1711303125487{margin-bottom: 10px !important;}&#8221;]<\/p>\n<p align=\"left\"><span style=\"color: #333333;\"><span style=\"font-family: DejaVu Sans, sans-serif;\"><span style=\"font-size: large;\"><b>L\u00f6sen des Leber-Chi-Staus<\/b><\/span><\/span><\/span><\/p>\n<p align=\"left\"><span style=\"color: #333333;\"><span style=\"font-family: DejaVu Sans, sans-serif;\"><span style=\"font-size: large;\"><b>Unsere Leber geh\u00f6rt zu den wichtigsten Entgiftungsorganen, die uns bei \u00dcberbelastung nicht gleich sp\u00fcrbare Signale sendet. Deshalb ist es gut und wichtig, wenn wir sie im Alltag immer wieder unterst\u00fctzen und entlasten. Mit der Stimmgabel k\u00f6nnen Blockaden gel\u00f6st und kann der Energiefluss unterst\u00fctzt werden. <\/b><\/span><\/span><\/span><\/p>\n<p align=\"left\"><span style=\"color: #333333;\"><span style=\"font-family: DejaVu Sans, sans-serif;\"><span style=\"font-size: large;\"><b>Reinigung der Leber: <\/b><\/span><\/span><\/span><\/p>\n<p align=\"left\"><span style=\"color: #333333;\"><span style=\"font-family: DejaVu Sans, sans-serif;\"><span style=\"font-size: large;\"><b>Die Leber ist das Organ der Unterscheidung und Wertung. Sie hilft uns, das rechte Ma\u00df und den Sinn des Lebens zu finden und ist f\u00fcr die Entgiftung und Synthese zust\u00e4ndig. <\/b><\/span><\/span><\/span><\/p>\n<p align=\"left\"><span style=\"color: #333333;\"><span style=\"font-family: DejaVu Sans, sans-serif;\"><span style=\"font-size: large;\"><b>Nach dem L\u00f6sen des Leber-Chi-Staus (Energiestau) kann die Leberreinigung ebenfalls mit den Stimmgabeln angeregt werden.<\/b><\/span><\/span><\/span><\/p>\n<p>[\/vc_column_text][\/vc_column][\/vc_row]<\/p>\n<\/section>","protected":false},"excerpt":{"rendered":"<p>[vc_row css=&#8221;.vc_custom_1654791210593{margin-right: 30px !important;}&#8221;][vc_column width=&#8221;1\/4&#8243; css=&#8221;.vc_custom_1654848446948{padding-top: 30px !important;padding-bottom: 30px !important;background-color: rgba(255,255,255,0.8) !important;*background-color: rgb(255,255,255) !important;}&#8221;][vc_single_image image=&#8221;16835&#8243; img_size=&#8221;300 x 420&#8243; css=&#8221;.vc_custom_1711984442397{margin-bottom: 44px !important;}&#8221;][\/vc_column][vc_column width=&#8221;3\/4&#8243; css=&#8221;.vc_custom_1654790340006{margin-left: 30px !important;padding-top: 30px !important;padding-right: 30px !important;padding-left: 40px !important;background-color: rgba(255,255,255,0.8) !important;*background-color: rgb(255,255,255) !important;}&#8221;][vc_column_text css=&#8221;.vc_custom_1711303125487{margin-bottom: 10px !important;}&#8221;] L\u00f6sen des Leber-Chi-Staus Unsere Leber geh\u00f6rt zu den wichtigsten Entgiftungsorganen, die uns bei \u00dcberbelastung nicht gleich sp\u00fcrbare [&hellip;]<\/p>\n","protected":false},"author":1,"featured_media":0,"parent":0,"menu_order":0,"comment_status":"closed","ping_status":"closed","template":"","meta":{"footnotes":""},"class_list":["post-16815","page","type-page","status-publish","hentry"],"_links":{"self":[{"href":"https:\/\/www.balancepraxis-andreabraun.de\/praxis\/wp-json\/wp\/v2\/pages\/16815","targetHints":{"allow":["GET"]}}],"collection":[{"href":"https:\/\/www.balancepraxis-andreabraun.de\/praxis\/wp-json\/wp\/v2\/pages"}],"about":[{"href":"https:\/\/www.balancepraxis-andreabraun.de\/praxis\/wp-json\/wp\/v2\/types\/page"}],"author":[{"embeddable":true,"href":"https:\/\/www.balancepraxis-andreabraun.de\/praxis\/wp-json\/wp\/v2\/users\/1"}],"replies":[{"embeddable":true,"href":"https:\/\/www.balancepraxis-andreabraun.de\/praxis\/wp-json\/wp\/v2\/comments?post=16815"}],"version-history":[{"count":3,"href":"https:\/\/www.balancepraxis-andreabraun.de\/praxis\/wp-json\/wp\/v2\/pages\/16815\/revisions"}],"predecessor-version":[{"id":16836,"href":"https:\/\/www.balancepraxis-andreabraun.de\/praxis\/wp-json\/wp\/v2\/pages\/16815\/revisions\/16836"}],"wp:attachment":[{"href":"https:\/\/www.balancepraxis-andreabraun.de\/praxis\/wp-json\/wp\/v2\/media?parent=16815"}],"curies":[{"name":"wp","href":"https:\/\/api.w.org\/{rel}","templated":true}]}}