{"id":5783,"date":"2019-01-01T07:41:30","date_gmt":"2019-01-01T07:41:30","guid":{"rendered":"http:\/\/www.balancepraxis-andreabraun.de\/praxis\/?page_id=5783"},"modified":"2025-05-11T12:31:37","modified_gmt":"2025-05-11T10:31:37","slug":"home","status":"publish","type":"page","link":"https:\/\/www.balancepraxis-andreabraun.de\/praxis\/","title":{"rendered":"Home"},"content":{"rendered":"<section class=\"wpb-content-wrapper\"><p>[vc_section][\/vc_section][vc_row][vc_column]<div id=\"1542878007301-204eb08e-42dc\" class=\"dt-sc-empty-space\"><\/div>[\/vc_column][vc_column width=&#8221;1\/3&#8243;]<div class='dt-sc-icon-box type10 style1'><div class=\"icon-wrapper\"><span class='fas fa-balance-scale'> <\/span><\/div><div class=\"icon-content\"><h4><a href='http:\/\/www.balancepraxis-andreabraun.de\/praxis\/praxisangebot\/fussmassage\/' title='Praxisangebot' target='_self'>BALANCEPRAXIS<\/a><\/h4><p>Hier biete ich Meridianausgleich\u00a0 \/ Touch for Health (Energiebalance), Energiestr\u00f6men, energetische Fu\u00dfmassagen, Chakrenausgleich und Transformaionsbegleitung \/ 3 Monate MUT und INSPIRATION an <a href=\"https:\/\/www.balancepraxis-andreabraun.de\/praxis\/transformationsbegleitung\/\">(siehe Praxisangebot)<\/a><\/p><\/div><\/div>[\/vc_column][vc_column width=&#8221;1\/3&#8243;]<div class='dt-sc-icon-box type10 style1'><div class=\"icon-wrapper\"><span class='far fa-handshake'> <\/span><\/div><div class=\"icon-content\"><h4><a href='http:\/\/www.balancepraxis-andreabraun.de\/praxis\/raum_fuer_begegnung-2' title='Raum f\u00fcr Begegnung' target='_self'>RAUM F\u00dcR BEGEGNUNG<\/a><\/h4><p>Hier k\u00f6nnen sich Menschen verbinden in Workshops, bei Themenabenden, Mantrasingen und mehr. Angebote und Termine siehe\u00a0 &#8220;<a href=\"https:\/\/www.balancepraxis-andreabraun.de\/praxis\/angebote_und_termine\/\">Raum f\u00fcr Begegnung&#8221;<\/a><\/p><\/div><\/div>[\/vc_column][vc_column width=&#8221;1\/3&#8243;]<div class='dt-sc-icon-box type10 style1'><div class=\"icon-wrapper\"><span class='fas fa-book-reader'> <\/span><\/div><div class=\"icon-content\"><h4><a href='http:\/\/www.balancepraxis-andreabraun.de\/praxis\/raum_der_begegnung\/bibliothek\/' title='Bibliothek' target='_self'>BUCH &amp; SPIRIT<\/a><\/h4><p>Hier biete ich in meiner spirituellen\/ganzheitlichen Bibliothek geistigen Input durch B\u00fccher, CDs, Filme, H\u00f6rb\u00fccher und Kartensets\n(kostenfreie Ausleihe).<\/p><\/div><\/div>[\/vc_column][vc_column]<div id=\"1542874283608-0c93b26e-1c5f\" class=\"dt-sc-empty-space\"><\/div>[\/vc_column][\/vc_row]<\/p>\n<\/section>","protected":false},"excerpt":{"rendered":"<p>[vc_section][\/vc_section][vc_row][vc_column][\/vc_column][vc_column width=&#8221;1\/3&#8243;][\/vc_column][vc_column width=&#8221;1\/3&#8243;][\/vc_column][vc_column width=&#8221;1\/3&#8243;][\/vc_column][vc_column][\/vc_column][\/vc_row]<\/p>\n","protected":false},"author":1,"featured_media":0,"parent":0,"menu_order":0,"comment_status":"closed","ping_status":"closed","template":"","meta":{"footnotes":""},"class_list":["post-5783","page","type-page","status-publish","hentry"],"_links":{"self":[{"href":"https:\/\/www.balancepraxis-andreabraun.de\/praxis\/wp-json\/wp\/v2\/pages\/5783","targetHints":{"allow":["GET"]}}],"collection":[{"href":"https:\/\/www.balancepraxis-andreabraun.de\/praxis\/wp-json\/wp\/v2\/pages"}],"about":[{"href":"https:\/\/www.balancepraxis-andreabraun.de\/praxis\/wp-json\/wp\/v2\/types\/page"}],"author":[{"embeddable":true,"href":"https:\/\/www.balancepraxis-andreabraun.de\/praxis\/wp-json\/wp\/v2\/users\/1"}],"replies":[{"embeddable":true,"href":"https:\/\/www.balancepraxis-andreabraun.de\/praxis\/wp-json\/wp\/v2\/comments?post=5783"}],"version-history":[{"count":38,"href":"https:\/\/www.balancepraxis-andreabraun.de\/praxis\/wp-json\/wp\/v2\/pages\/5783\/revisions"}],"predecessor-version":[{"id":15556,"href":"https:\/\/www.balancepraxis-andreabraun.de\/praxis\/wp-json\/wp\/v2\/pages\/5783\/revisions\/15556"}],"wp:attachment":[{"href":"https:\/\/www.balancepraxis-andreabraun.de\/praxis\/wp-json\/wp\/v2\/media?parent=5783"}],"curies":[{"name":"wp","href":"https:\/\/api.w.org\/{rel}","templated":true}]}}